{"id":77,"date":"2021-02-06T15:58:12","date_gmt":"2021-02-06T14:58:12","guid":{"rendered":"https:\/\/www.colluvio.eu\/?page_id=77"},"modified":"2026-01-20T09:48:58","modified_gmt":"2026-01-20T08:48:58","slug":"probespiele-bewerben","status":"publish","type":"page","link":"https:\/\/www.colluvio.com\/de\/probespiele-bewerben\/","title":{"rendered":"Probespiele &#8211; Bewerben"},"content":{"rendered":"<h3 style=\"text-align: center;\">Wer kann sich bewerben?<\/h3>\n<p>Musikstudentinnen und Musikstudenten aus ganz Europa, und dar\u00fcber hinaus, die ein hohes musikalisches und technisches Ausbildungsniveau erreicht haben, ebenso besonders talentierte Musiksch\u00fcler ab 16 Jahren.<\/p>\n<p><strong>Instrumente:<\/strong>\u00a0Klavier, Violine, Viola, Violoncello<\/p>\n<p>Aus den ausgew\u00e4hlten Teilnehmern werden 3 Ensembles formiert. Sie musizieren in den Besetzungen \u2013 <strong>Klaviertrio \/ Klavierquartett \/ Klavierquintett<\/strong>.<\/p>\n<h6 class=\"style-scope ytd-watch-metadata\"><em><a href=\"https:\/\/www.youtube.com\/watch?v=ZBOAC151HpA\" target=\"_blank\" rel=\"noopener\"><img loading=\"lazy\" decoding=\"async\" class=\"alignnone wp-image-4939 size-full\" src=\"https:\/\/www.colluvio.com\/wp-content\/uploads\/2026\/01\/Screenshot-45.png\" alt=\"\" width=\"1006\" height=\"769\" srcset=\"https:\/\/www.colluvio.com\/wp-content\/uploads\/2026\/01\/Screenshot-45.png 1006w, https:\/\/www.colluvio.com\/wp-content\/uploads\/2026\/01\/Screenshot-45-300x229.png 300w, https:\/\/www.colluvio.com\/wp-content\/uploads\/2026\/01\/Screenshot-45-768x587.png 768w, https:\/\/www.colluvio.com\/wp-content\/uploads\/2026\/01\/Screenshot-45-700x535.png 700w\" sizes=\"auto, (max-width: 1006px) 100vw, 1006px\" \/><\/a>Camille <strong>SAINT-SA\u00cbNS<\/strong>, 2. Klaviertrio e-Moll, op. 92<br \/>\n5. Satz, <span class=\"yt-core-attributed-string yt-core-attributed-string--white-space-pre-wrap\" dir=\"auto\" role=\"text\"><span class=\"yt-core-attributed-string--link-inherit-color\" dir=\"auto\">Allegro non troppo<\/span><\/span><\/em><br \/>\n<em>Abschlu\u00dfkonzert der 2025 Tournee, Belgrad<\/em><br \/>\n<em><span class=\"yt-core-attributed-string yt-core-attributed-string--white-space-pre-wrap\" dir=\"auto\" role=\"text\"><span class=\"yt-core-attributed-string--link-inherit-color\" dir=\"auto\">Taisiia Lavrova (26), Klavier, Alice Lee (25), Violine, Kamil Mukhametdinov (29), Cello<br \/>\n<\/span><\/span><\/em><strong><a href=\"https:\/\/www.colluvio.com\/de\/meisterkurse-tournee\/video-audio\/\"><em>Hier<\/em><\/a><\/strong><em>\u00a0findet man das\u00a0<\/em><a href=\"https:\/\/www.colluvio.com\/de\/meisterkurse-tournee\/video-audio\/\"><strong><em>GANZE VIDEO<\/em><\/strong><\/a><em>\u00a0mit allen S\u00e4tzen.<\/em><\/h6>\n<p>In erster Linie begegnen bei <em>colluvio<\/em> einander Musikerinnen und Musiker, die bisher noch nicht miteinander musiziert haben.<br \/>\nSelbstverst\u00e4ndlich k\u00f6nnen sich auch schon bestehende Ensembles bewerben, z. B. ein Klaviertrio oder ein Streichquartett. Wird ein Ensemble aus Streichern aufgenommen, w\u00fcrden wir es dann mit einem unserer Pianisten musizieren lassen.<\/p>\n<p>Wir freuen uns immer, wenn manche Musiker im n\u00e4chsten Jahr wieder teilnehmen!<br \/>\nSie bewerben sich jedoch auch in den Folgejahren mit ihren Aufnahmen.<\/p>\n<p>Wir archivieren unsere Bewerbungen f\u00fcr ein paar Jahre. Falls ein Musiker nach seiner erstmaligen Bewerbung nicht aufgenommen wurde, erinnern wir uns an sie\/ihn, greifen auf die fr\u00fchere Bewerbung zur\u00fcck und kontaktieren sie\/ihn, falls Bedarf besteht.<br \/>\n<em><strong>Es lohnt sich also jedenfalls, eine gute Bewerbung zu senden!<\/strong><\/em><\/p>\n<div style=\"width: 1034px\" class=\"wp-caption alignnone\"><img loading=\"lazy\" decoding=\"async\" class=\"vc_single_image-img attachment-large\" src=\"https:\/\/www.colluvio.com\/wp-content\/uploads\/2021\/11\/IMG_7123-1024x683.jpg\" alt=\"\" width=\"1024\" height=\"683\" \/><p class=\"wp-caption-text\">Jelena Horvat und Janick \u010cech, Konzert in Timi\u0219oara, Rum\u00e4nien, colluvio 2021<\/p><\/div>\n<h3>Probespiele<\/h3>\n<p>Die 9-12 Teilnehmer werden \u00fcber Probespiele ermittelt.<br \/>\nDas <em>colluvio<\/em> Team erreichen viele Bewerbungen aus ganz Europa, manchmal dar\u00fcber hinaus. Einzelne Kandidaten der Instrumente Klavier, Violine, Viola, Violoncello stellen sich vor. Auch schon bestehende Ensembles bewerben sich.<\/p>\n<p>Es k\u00f6nnen Video- oder Audioaufnahmen gesendet werden. Alle Dozenten werden diese Aufnahmen h\u00f6ren und w\u00e4hlen dann gemeinsam die Teilnehmer aus.<\/p>\n<p>Ein Probespiel sollte einen <strong>Bewerber \u00fcberzeugend darstellen<\/strong>, verpflichtend kammermusikalische Werke, aber auch solistische Werke enthalten. Sollten die Aufnahmen nicht aussagekr\u00e4ftig genug f\u00fcr ein Probespiel sein, werden weitere angefragt.<br \/>\n<strong>Aussagekr\u00e4ftige<\/strong>\u00a0<strong>Kammermusikaufnahmen<\/strong> bilden die <strong>Beurteilungsgrundlage<\/strong> f\u00fcr ein Probespiel, ganz besonders gilt das f\u00fcr Pianisten. Soloaufnahmen sind nat\u00fcrlich auch sehr wichtig.<\/p>\n<p>&nbsp;<\/p>\n<p><strong>Streicher:<\/strong><\/p>\n<p>1) Kammermusikaufnahmen ab 3 Spielern (Trio, Quartett, Quintett\u2026); ein oder zwei S\u00e4tze daraus oder das gesamte Werk.<\/p>\n<p>2) Zwei kontrastierende S\u00e4tze aus einer Sonate, Partita oder Suite f\u00fcr Violine, Viola bzw. Violoncello solo von J. S. Bach. Es k\u00f6nnen auch mehr als zwei S\u00e4tze sein. Die S\u00e4tze m\u00fcssen nicht gek\u00fcrzt werden, wir h\u00f6ren sie gerne mit allen Wiederholungen.<\/p>\n<p>3) Eine Sonate f\u00fcr Streichinstrument mit Klavier, ein oder zwei S\u00e4tze daraus oder das gesamte Werk.<\/p>\n<p>Falls unsere Kandidaten (Streichinstrumente) es w\u00fcnschen, h\u00f6ren wir zus\u00e4tzlich gerne folgende Aufnahmen an:<br \/>\nEin Werk (z. B. ein Konzert) f\u00fcr Streichinstrument solo mit Orchester. (Orchesterpart kann vom Klavier \u00fcbernommen werden.) Anzahl der S\u00e4tze nach Belieben.<br \/>\nWerke f\u00fcr Streichinstrument solo anderer Komponisten als J. S. Bach, Duos f\u00fcr 2 Streicher.<\/p>\n<p><strong><br \/>\nPianisten:<\/strong><\/p>\n<p>1) Kammermusikaufnahmen ab 3 Spielern (Trio, Quartett, Quintett\u2026); ein oder zwei S\u00e4tze daraus oder das gesamte Werk.<\/p>\n<p>2) Ein Satz\/Werk von J. S. Bach, G. F. H\u00e4ndel oder auch Jean-Philippe Rameau<\/p>\n<p><strong>\u00a0 \u00a0 ODER<\/strong> anstatt Bach, H\u00e4ndel, Rameau ein Satz aus einer Sonate von J. Haydn, W. A. Mozart oder L. van Beethoven.<\/p>\n<p>3) Eine Et\u00fcde \u2013 von beispielsweise F. Chopin, C. Debussy, S. Rachmaninov, I. Strawinskij, S. Prokofjev, A. Skrjabin, G. Ligeti.<\/p>\n<p>F\u00fcr alle 3 Punkte gilt: Anzahl der S\u00e4tze nach Belieben<\/p>\n<p>Falls unseren Kandidaten (Pianisten) vorliegend, h\u00f6ren wir zus\u00e4tzlich gerne folgende Aufnahmen an:<br \/>\nEin Werk (oder Satz) als Solist mit Orchester, Sonaten f\u00fcr Klavier und ein Streichinstrument\/Blasinstrument oder Liedbegleitung. Liedbegleitung ist besonders erw\u00fcnscht.<\/p>\n<p><strong><br \/>\nEnsembles:<\/strong><\/p>\n<p>Ensembles senden neben ihren Kammermusikaufnahmen auch Soloaufnahmen, wie sie auch f\u00fcr einzelne Streicher und Pianisten gelten.<\/p>\n<p>&nbsp;<\/p>\n<p><strong>Es kommt nicht darauf an, wie viele Aufnahmen uns gesendet werden; lieber nur so viele, wie der Kandidat\/ die Kandidatin f\u00fcr richtig h\u00e4lt, um einen Eindruck von sich zu vermitteln.<br \/>\n<\/strong>Letztendlich mu\u00df jeder Kandidat selbst entscheiden, wie er\/sie sich darstellt. Wir nehmen auch Bewerbungen entgegen, die ein wenig anders gestaltet sind, als wir vorschlagen.<br \/>\nWir bevorzugen in einem St\u00fcck gespielte Aufnahmen ohne Schnitte, also wie im Konzert. Die Aufnahmetechnik mu\u00df nicht professionell sein.<\/p>\n<p>Aufnahmen und einen Lebenslauf (mit Geburtsjahr) bitte per E-Mail an <a href=\"mailto:office@colluvio.com\" target=\"_blank\" rel=\"noopener\">office@colluvio.com<\/a> senden, damit sie an alle Dozenten weitergeleitet werden k\u00f6nnen. Bitte <strong>nur den Lebenslauf<\/strong> als E-Mail Anhang im <strong>PDF Format <\/strong>(nicht Word Format), die <strong>Aufnahmen<\/strong> aber <strong>als Links im Textfeld<\/strong> des E-Mails senden, <strong>mit genauen Beschreibungen der St\u00fccke<\/strong> und Interpreten (also nicht nur die Links).<\/p>\n<p>Es gibt keine Altersbeschr\u00e4nkung. Bitte dennoch in der Bewerbung das <strong>Geburtsjahr und die Nationalit\u00e4t<\/strong> angeben.<\/p>\n<p><img loading=\"lazy\" decoding=\"async\" class=\"vc_single_image-img attachment-large\" src=\"https:\/\/www.colluvio.com\/wp-content\/uploads\/2021\/12\/Polina_Dima-1024x768.jpg\" alt=\"\" width=\"1024\" height=\"768\" \/><\/p>\n<p>Die Pianisten Polina Sasko und Dmytro Choni, Teilnehmer 2013<\/p>\n<p>&nbsp;<\/p>\n<p>F\u00fcr das n\u00e4chste Projekt, ca. 28.07.-21.08.2026:<\/p>\n<h3><strong><em>Der Einsendeschlu\u00df f\u00fcr Aufnahmen<br \/>\nist der 15. 03. 2026!<\/em><\/strong><\/h3>\n<p>Nach dem <strong>15. 04. 2026<\/strong>\u00a0bekommt jeder Teilnehmer Bescheid, ob er\/sie f\u00fcr <em>colluvio<\/em> ausgew\u00e4hlt wurde. Erst nach diesem Bescheid erfolgt die Anmeldung der ausgew\u00e4hlten Kandidaten.<\/p>\n<div id=\"attachment_4367\" style=\"width: 1034px\" class=\"wp-caption alignnone\"><img loading=\"lazy\" decoding=\"async\" aria-describedby=\"caption-attachment-4367\" class=\"size-large wp-image-4367\" src=\"https:\/\/www.colluvio.com\/wp-content\/uploads\/2024\/11\/IMG_3825-1024x684.jpg\" alt=\"\" width=\"1024\" height=\"684\" srcset=\"https:\/\/www.colluvio.com\/wp-content\/uploads\/2024\/11\/IMG_3825-1024x684.jpg 1024w, https:\/\/www.colluvio.com\/wp-content\/uploads\/2024\/11\/IMG_3825-300x200.jpg 300w, https:\/\/www.colluvio.com\/wp-content\/uploads\/2024\/11\/IMG_3825-768x513.jpg 768w, https:\/\/www.colluvio.com\/wp-content\/uploads\/2024\/11\/IMG_3825-700x467.jpg 700w, https:\/\/www.colluvio.com\/wp-content\/uploads\/2024\/11\/IMG_3825-1100x734.jpg 1100w, https:\/\/www.colluvio.com\/wp-content\/uploads\/2024\/11\/IMG_3825.jpg 1200w\" sizes=\"auto, (max-width: 1024px) 100vw, 1024px\" \/><p id=\"caption-attachment-4367\" class=\"wp-caption-text\">Jasmin Blomenkamp, Elizaveta Ukrainskaia, Fr\u00e9d\u00e9ric Pouliot. Belgrad 2024<\/p><\/div>\n<h3>Anmeldung<\/h3>\n<p>F\u00fcr das ca. 21-t\u00e4gige Projekt betr\u00e4gt der<\/p>\n<p><strong>Kostenbeitrag<\/strong> pro Teilnehmer <strong>\u20ac 600.- <\/strong><br \/>\n(= Kursgeb\u00fchr, Kost und Logis auf Gut Hornegg, Kost und Logis auf der gesamten Tournee).<\/p>\n<p>Auf Gut Hornegg gibt es keine M\u00f6glichkeit, Geld auszugeben, es wird an nichts fehlen. Ebenso ist auf der Tournee alles bezahlt.<br \/>\nDer Beitrag von <strong>\u20ac 600.- <\/strong>(f\u00fcr Stipendiaten \u20ac 300.-) ist als Anmeldegeb\u00fchr der Teilnehmer zu verstehen. Die tats\u00e4chlichen Ausgaben pro Teilnehmer belaufen sich auf ein Vielfaches, wegen des exklusiven Betreuungsverh\u00e4ltnisses von 4 Dozenten f\u00fcr nur 9-12 Teilnehmer und wegen der hohen Kosten auf der Tournee (Reisekosten, Hotels, Restaurants, Saalmieten, professionelle Aufnahmen\u2026).<\/p>\n<p>Die Kosten f\u00fcr die Anreise nach Gut Hornegg und die Kosten f\u00fcr die Heimreise nach dem Abschlu\u00dfkonzert tr\u00e4gt jeder Teilnehmer selbst.<\/p>\n<p><strong>Um Mi\u00dfverst\u00e4ndnisse zu vermeiden:<\/strong><br \/>\n<strong>Die gesamte Geb\u00fchr betr\u00e4gt \u20ac 600.-. Es kommen keine weiteren Kosten dazu!<\/strong><\/p>\n<p><strong><a href=\"https:\/\/youtu.be\/sceX6mNebl8\" target=\"_blank\" rel=\"noopener\"><img loading=\"lazy\" decoding=\"async\" class=\"alignnone wp-image-3840 size-large\" src=\"https:\/\/www.colluvio.com\/wp-content\/uploads\/2023\/11\/Beethoven-Kakadu-Var-1024x782.png\" alt=\"\" width=\"1024\" height=\"782\" srcset=\"https:\/\/www.colluvio.com\/wp-content\/uploads\/2023\/11\/Beethoven-Kakadu-Var-1024x782.png 1024w, https:\/\/www.colluvio.com\/wp-content\/uploads\/2023\/11\/Beethoven-Kakadu-Var-300x229.png 300w, https:\/\/www.colluvio.com\/wp-content\/uploads\/2023\/11\/Beethoven-Kakadu-Var-768x586.png 768w, https:\/\/www.colluvio.com\/wp-content\/uploads\/2023\/11\/Beethoven-Kakadu-Var-700x534.png 700w, https:\/\/www.colluvio.com\/wp-content\/uploads\/2023\/11\/Beethoven-Kakadu-Var.png 1069w\" sizes=\"auto, (max-width: 1024px) 100vw, 1024px\" \/><\/a><\/strong><\/p>\n<h6><strong>Anastasia Galenina<\/strong> (22), Klavier, <strong>Hans Christian Aavik<\/strong> (20), Violine, <strong>Pavle Rako\u010devi\u0107<\/strong> (17), Cello spielen<br \/>\n<strong>Beethovens<\/strong>\u00a0Zehn Variationen op. 121a<br \/>\nAbschlu\u00dfkonzert der 2018 Tournee, Belgrad<\/h6>\n<h3>Stipendien<\/h3>\n<p>Teilnehmer, die in Ost- und S\u00fcdosteuropa leben, wenden sich bei Bedarf und nach einem erfolgreichen Probespiel an <em>colluvio<\/em>, um ein Stipendium zu erhalten, soda\u00df sich ihr <strong>Gesamtbeitrag auf <\/strong><strong>\u20ac 300.-<\/strong><strong> reduzieren kann.<\/strong><\/p>\n<p>Zur Verringerung ihrer Ausgaben wird allen Teilnehmern empfohlen, sich mit einem Konsulat ihres Heimatlandes (in \u00d6sterreich) in Verbindung zu setzen und dort um finanzielle Unterst\u00fctzung anzusuchen.<\/p>\n<div id=\"attachment_4374\" style=\"width: 1034px\" class=\"wp-caption alignnone\"><img loading=\"lazy\" decoding=\"async\" aria-describedby=\"caption-attachment-4374\" class=\"size-large wp-image-4374\" src=\"https:\/\/www.colluvio.com\/wp-content\/uploads\/2024\/11\/DSC_4352-1024x685.jpg\" alt=\"\" width=\"1024\" height=\"685\" srcset=\"https:\/\/www.colluvio.com\/wp-content\/uploads\/2024\/11\/DSC_4352-1024x685.jpg 1024w, https:\/\/www.colluvio.com\/wp-content\/uploads\/2024\/11\/DSC_4352-300x201.jpg 300w, https:\/\/www.colluvio.com\/wp-content\/uploads\/2024\/11\/DSC_4352-768x514.jpg 768w, https:\/\/www.colluvio.com\/wp-content\/uploads\/2024\/11\/DSC_4352-700x468.jpg 700w, https:\/\/www.colluvio.com\/wp-content\/uploads\/2024\/11\/DSC_4352-1100x736.jpg 1100w, https:\/\/www.colluvio.com\/wp-content\/uploads\/2024\/11\/DSC_4352.jpg 1200w\" sizes=\"auto, (max-width: 1024px) 100vw, 1024px\" \/><p id=\"caption-attachment-4374\" class=\"wp-caption-text\">Gorka Plada, Janick \u010cech, Gabriel Coman. Premiere 2021, Gut Hornegg<\/p><\/div>\n<p>Weiters wird den Teilnehmern, die in Deutschland studieren, die kostenlose Mitgliedschaft bei der <a href=\"http:\/\/www.gvl.de\/\" target=\"_blank\" rel=\"noopener\">GVL Berlin<\/a> empfohlen. Diese Organisation \u00fcbernimmt bis zu 50% der Kosten von Meisterkursen.<br \/>\nAuch Musikhochschulen unterst\u00fctzen die Teilnahme an <em>colluvio<\/em> finanziell oder zahlen einen Beitrag zu den Reisekosten.<\/p>\n<h3>Am 01.05.2026 ist der Anmeldeschlu\u00df.<\/h3>\n<p>\u25cf Zusendung der Anmeldung per Post oder Scan bis 01. Mai 2026.<br \/>\n\u25cf \u00dcberweisung des Kostenbeitrags bis 01. Mai 2026.<br \/>\n\u25cf Zusendung der Einverst\u00e4ndniserkl\u00e4rung (Letter of Agreement) per Post oder Scan bis 01. Mai 2026.<\/p>\n<p><a href=\"https:\/\/www.colluvio.com\/wp-content\/uploads\/2026\/01\/Anmeldeformular-colluvio-2026-4.pdf\" target=\"_blank\" rel=\"noopener\"><strong>Anmeldeformular<\/strong><\/a>\u00a0(deutsch)<\/p>\n<p><a href=\"https:\/\/www.colluvio.com\/wp-content\/uploads\/2025\/12\/Letter-of-Agreement.pdf\" target=\"_blank\" rel=\"noopener\"><strong>Einverst\u00e4ndniserkl\u00e4rung<\/strong><\/a> (English)<\/p>\n<hr \/>\n<p><a href=\"https:\/\/www.colluvio.com\/wp-content\/uploads\/2026\/01\/Registration-form-2026-3.pdf\" target=\"_blank\" rel=\"noopener\">Registration Form <\/a>(English)<\/p>\n<p><a href=\"https:\/\/www.colluvio.com\/wp-content\/uploads\/2026\/01\/formular-za-prijavljivanje-2026-3.pdf\" target=\"_blank\" rel=\"noopener\">formular za prijavljivanje <\/a>(srpskohrvatski)<\/p>\n<p>&nbsp;<\/p>\n<h6><a href=\"https:\/\/www.youtube.com\/watch?v=4fuCf9hxW6A\" target=\"_blank\" rel=\"noopener\"><img loading=\"lazy\" decoding=\"async\" class=\"alignnone wp-image-4988 size-full\" src=\"https:\/\/www.colluvio.com\/wp-content\/uploads\/2026\/01\/Screenshot-48.png\" alt=\"\" width=\"1007\" height=\"770\" srcset=\"https:\/\/www.colluvio.com\/wp-content\/uploads\/2026\/01\/Screenshot-48.png 1007w, https:\/\/www.colluvio.com\/wp-content\/uploads\/2026\/01\/Screenshot-48-300x229.png 300w, https:\/\/www.colluvio.com\/wp-content\/uploads\/2026\/01\/Screenshot-48-768x587.png 768w, https:\/\/www.colluvio.com\/wp-content\/uploads\/2026\/01\/Screenshot-48-700x535.png 700w\" sizes=\"auto, (max-width: 1007px) 100vw, 1007px\" \/><\/a>Bohuslav <strong>MARTIN\u016e<\/strong><em>,\u00a0<\/em>Trio Nr. 1, H. 193 (1930)<br \/>\n5. Satz, Allegro con brio<br \/>\n<em>Abschlu\u00dfkonzert der 2025 Tournee, Belgrad<br \/>\n<\/em>Safiye Sahin (21), Klavier, Hannah Kim (23), Violine, Joanne Bae (18), Cello<br \/>\n<strong><a href=\"https:\/\/www.colluvio.com\/de\/meisterkurse-tournee\/video-audio\/\"><em>Hier<\/em><\/a><\/strong><em>\u00a0findet man das\u00a0<\/em><a href=\"https:\/\/www.colluvio.com\/de\/meisterkurse-tournee\/video-audio\/\"><strong><em>GANZE VIDEO<\/em><\/strong><\/a><em>\u00a0mit allen S\u00e4tzen.<\/em><\/h6>\n<h6 class=\"style-scope ytd-watch-metadata\"><em><span class=\"yt-core-attributed-string yt-core-attributed-string--white-space-pre-wrap\" dir=\"auto\" role=\"text\"><span class=\"yt-core-attributed-string--link-inherit-color\" dir=\"auto\">\u00a0<\/span><\/span><\/em><\/h6>\n<h3>\u00dcberweisung des Kostenbeitrags<strong><br \/>\n<\/strong><\/h3>\n<p>Bis\u00a0<strong>01. 05. 2026<\/strong> \u00dcberweisung des Kostenbeitrags von \u20ac 600.- ( <strong>\u2013 <\/strong>Die Bankgeb\u00fchren f\u00fcr die \u00dcberweisung tr\u00e4gt der Einzahler <strong>\u2013 <\/strong>) an folgendes Konto:<\/p>\n<p>Das Konto lautet auf: <em>\u201ecolluvio, Verein f\u00fcr Kammermusik und die internationale Jugend\u201c<\/em><\/p>\n<p>Raiffeisenbank Gleinst\u00e4tten-Leutschach-Wildon\/ \u00d6sterreich<br \/>\n(Spesenfreie \u00dcberweisungen aus dem EU-Ausland)<br \/>\nIBAN: AT54 3810 2000 0894 3623<br \/>\nBIC: RZSTAT2G102<\/p>\n<p>Mu\u00df ein bereits angemeldeter Teilnehmer aus unvorhergesehenen Gr\u00fcnden absagen, wird der volle Kostenbeitrag von \u20ac 600.- nur zur\u00fcckerstattet, wenn der zur\u00fcckgetretene Teilnehmer einen <strong>ad\u00e4quaten<\/strong> Ersatz gefunden hat. Andernfalls werden nur \u20ac 300.- zur\u00fcckerstattet.<\/p>\n<p>Stipendiaten, die nur \u20ac 300.- Kostenbeitrag zahlen, kann bei einer Absage ohne ad\u00e4quaten Ersatz kein Geld zur\u00fcckerstattet werden. Auch sie m\u00fcssen f\u00fcr ad\u00e4quaten Ersatz sorgen.<\/p>\n<p>In solch einem Fall werden wir bestimmt eine L\u00f6sung finden, wenn wir im Austausch bleiben dieses Thema betreffend, und wenn wir bemerken, da\u00df sich der absagende Kandidat redlich bem\u00fcht, einen ad\u00e4quaten Ersatz zu finden.<br \/>\nAbsagen von bereits angemeldeten Teilnehmern sind bisher so gut wie nie vorgekommen.<\/p>\n<div id=\"attachment_4363\" style=\"width: 1034px\" class=\"wp-caption alignnone\"><img loading=\"lazy\" decoding=\"async\" aria-describedby=\"caption-attachment-4363\" class=\"size-large wp-image-4363\" src=\"https:\/\/www.colluvio.com\/wp-content\/uploads\/2024\/11\/IMG_3736-1024x683.jpg\" alt=\"\" width=\"1024\" height=\"683\" srcset=\"https:\/\/www.colluvio.com\/wp-content\/uploads\/2024\/11\/IMG_3736-1024x683.jpg 1024w, https:\/\/www.colluvio.com\/wp-content\/uploads\/2024\/11\/IMG_3736-300x200.jpg 300w, https:\/\/www.colluvio.com\/wp-content\/uploads\/2024\/11\/IMG_3736-768x512.jpg 768w, https:\/\/www.colluvio.com\/wp-content\/uploads\/2024\/11\/IMG_3736-700x467.jpg 700w, https:\/\/www.colluvio.com\/wp-content\/uploads\/2024\/11\/IMG_3736-1100x733.jpg 1100w, https:\/\/www.colluvio.com\/wp-content\/uploads\/2024\/11\/IMG_3736.jpg 1200w\" sizes=\"auto, (max-width: 1024px) 100vw, 1024px\" \/><p id=\"caption-attachment-4363\" class=\"wp-caption-text\">Naz \u0130rem T\u00fcrkmen und William Kinney, colluvio 2024<\/p><\/div>\n<div id=\"attachment_4840\" style=\"width: 750px\" class=\"wp-caption alignnone\"><img loading=\"lazy\" decoding=\"async\" aria-describedby=\"caption-attachment-4840\" class=\"size-large wp-image-4840\" src=\"https:\/\/www.colluvio.com\/wp-content\/uploads\/2026\/01\/250811_Akademija_Cullvio_001-740x1024.jpg\" alt=\"\" width=\"740\" height=\"1024\" srcset=\"https:\/\/www.colluvio.com\/wp-content\/uploads\/2026\/01\/250811_Akademija_Cullvio_001-740x1024.jpg 740w, https:\/\/www.colluvio.com\/wp-content\/uploads\/2026\/01\/250811_Akademija_Cullvio_001-217x300.jpg 217w, https:\/\/www.colluvio.com\/wp-content\/uploads\/2026\/01\/250811_Akademija_Cullvio_001-768x1063.jpg 768w, https:\/\/www.colluvio.com\/wp-content\/uploads\/2026\/01\/250811_Akademija_Cullvio_001-1110x1536.jpg 1110w, https:\/\/www.colluvio.com\/wp-content\/uploads\/2026\/01\/250811_Akademija_Cullvio_001-700x969.jpg 700w, https:\/\/www.colluvio.com\/wp-content\/uploads\/2026\/01\/250811_Akademija_Cullvio_001-1100x1523.jpg 1100w, https:\/\/www.colluvio.com\/wp-content\/uploads\/2026\/01\/250811_Akademija_Cullvio_001.jpg 1200w\" sizes=\"auto, (max-width: 740px) 100vw, 740px\" \/><p id=\"caption-attachment-4840\" class=\"wp-caption-text\">Joanne Bae, Safiye Sahin, Hannah Kim, vor dem Auftritt, Ljubljana 2025<\/p><\/div>\n<h3>Wenn man seine Teilnahme absagen mu\u00df\u2026<\/h3>\n<p>Die musikalische Verantwortung jedes einzelnen Instrumentalisten ist aufgrund seiner kammermusikalisch-solistischen Aufgaben, wegen der geringen Teilnehmerzahl und der vielen Konzerte sehr gro\u00df. Der Ausfall eines Teilnehmers w\u00fcrde seine Ensemblemitglieder und die Durchf\u00fchrung des ganzen Projekts betreffen.<\/p>\n<p>Wenn in einem Orchester ein Musiker weniger mitspielt, kann trotzdem das Projekt durchgef\u00fchrt werden. Nicht so bei <em>colluvio<\/em>: Hier ist jeder Kammermusiker auch ein Solist. Was w\u00fcrden die Mitmusiker seines Ensembles ohne ihn\/sie machen?<\/p>\n<p>Eine Absage bereits angemeldeter Teilnehmer h\u00e4tte negative Konsequenzen auf das gesamte Projekt, je sp\u00e4ter die Absage k\u00e4me, desto st\u00e4rker w\u00fcrde sie sich auswirken; denn vor Projektbeginn kann nur mit Gl\u00fcck ein ad\u00e4quater Ersatz gefunden werden.<\/p>\n<p><strong>Die Teilnahme ist an die Mitwirkung beim gesamten Projekt inklusive aller Konzerte gebunden.<\/strong><br \/>\nDie Mitf\u00fchrung einer Reiseapotheke (immunit\u00e4tsunterst\u00fctzende Medikamente etc.) wird empfohlen.<\/p>\n<h6><a href=\"https:\/\/www.youtube.com\/watch?v=NY5865bnUwc\" target=\"_blank\" rel=\"noopener\"><img loading=\"lazy\" decoding=\"async\" class=\"alignnone wp-image-3834 size-large\" src=\"https:\/\/www.colluvio.com\/wp-content\/uploads\/2023\/11\/Mendelssohn-III-1024x778.png\" alt=\"\" width=\"1024\" height=\"778\" srcset=\"https:\/\/www.colluvio.com\/wp-content\/uploads\/2023\/11\/Mendelssohn-III-1024x778.png 1024w, https:\/\/www.colluvio.com\/wp-content\/uploads\/2023\/11\/Mendelssohn-III-300x228.png 300w, https:\/\/www.colluvio.com\/wp-content\/uploads\/2023\/11\/Mendelssohn-III-768x583.png 768w, https:\/\/www.colluvio.com\/wp-content\/uploads\/2023\/11\/Mendelssohn-III-700x532.png 700w, https:\/\/www.colluvio.com\/wp-content\/uploads\/2023\/11\/Mendelssohn-III.png 1073w\" sizes=\"auto, (max-width: 1024px) 100vw, 1024px\" \/><\/a>Felix <strong>MENDELSSOHN<\/strong>-Bartholdy<br \/>\nKlavierquartett, Nr. 3, op. 3, Allegro molto (III.)<br \/>\n<strong>Tabea Streicher<\/strong> (18), Klavier, <strong>Naz \u0130rem T\u00fcrkmen<\/strong> (17), Violine, <strong>Na\u0111a Komleni\u0107<\/strong> (17), Viola, <strong>Owen S\u00f8rbye Davis <\/strong>(17), Cello<br \/>\nAbschlu\u00dfkonzert der 2023 Tournee, Belgrad<br \/>\n<a href=\"https:\/\/www.colluvio.com\/de\/meisterkurse-tournee\/video-audio\/\"><strong>Hier<\/strong><\/a>\u00a0findet man das\u00a0<a href=\"https:\/\/www.colluvio.com\/de\/meisterkurse-tournee\/video-audio\/\"><strong>GANZE VIDEO<\/strong><\/a>\u00a0mit allen S\u00e4tzen.<\/h6>\n","protected":false},"excerpt":{"rendered":"<p>Wer kann sich bewerben? Musikstudentinnen und Musikstudenten aus ganz Europa, und dar\u00fcber hinaus, die ein hohes musikalisches und technisches Ausbildungsniveau erreicht haben, ebenso besonders talentierte Musiksch\u00fcler ab 16 Jahren. Instrumente:\u00a0Klavier, Violine, Viola, Violoncello Aus den ausgew\u00e4hlten Teilnehmern werden 3 Ensembles formiert. Sie musizieren in den&#8230;<\/p>\n","protected":false},"author":1,"featured_media":0,"parent":0,"menu_order":5,"comment_status":"closed","ping_status":"closed","template":"page-neuebreite.php","meta":{"footnotes":""},"class_list":["post-77","page","type-page","status-publish","hentry"],"acf":[],"_links":{"self":[{"href":"https:\/\/www.colluvio.com\/de\/wp-json\/wp\/v2\/pages\/77","targetHints":{"allow":["GET"]}}],"collection":[{"href":"https:\/\/www.colluvio.com\/de\/wp-json\/wp\/v2\/pages"}],"about":[{"href":"https:\/\/www.colluvio.com\/de\/wp-json\/wp\/v2\/types\/page"}],"author":[{"embeddable":true,"href":"https:\/\/www.colluvio.com\/de\/wp-json\/wp\/v2\/users\/1"}],"replies":[{"embeddable":true,"href":"https:\/\/www.colluvio.com\/de\/wp-json\/wp\/v2\/comments?post=77"}],"version-history":[{"count":359,"href":"https:\/\/www.colluvio.com\/de\/wp-json\/wp\/v2\/pages\/77\/revisions"}],"predecessor-version":[{"id":5060,"href":"https:\/\/www.colluvio.com\/de\/wp-json\/wp\/v2\/pages\/77\/revisions\/5060"}],"wp:attachment":[{"href":"https:\/\/www.colluvio.com\/de\/wp-json\/wp\/v2\/media?parent=77"}],"curies":[{"name":"wp","href":"https:\/\/api.w.org\/{rel}","templated":true}]}}