{"id":3130,"date":"2022-07-12T14:59:38","date_gmt":"2022-07-12T12:59:38","guid":{"rendered":"https:\/\/www.colluvio.com\/?page_id=3130"},"modified":"2026-01-09T13:37:27","modified_gmt":"2026-01-09T12:37:27","slug":"text-startseite","status":"publish","type":"page","link":"https:\/\/www.colluvio.com\/de\/home\/text-startseite\/","title":{"rendered":"Text Startseite"},"content":{"rendered":"<blockquote><p>\u201e<em>colluvio<\/em> ist mehr als ein Meisterkurs.\u201c<\/p><\/blockquote>\n<p>Die <strong>europaweit<\/strong> agierende <strong>Werkstatt f\u00fcr Kammermusik <\/strong><em>colluvio <\/em>l\u00e4\u00dft einer <strong>intensiven<\/strong> <strong>Arbeitsphase<\/strong> eine <strong>internationale<\/strong> <strong>Konzerttournee<\/strong> folgen.<\/p>\n<p>Die ber\u00fchmten europ\u00e4ischen Jugendorchester folgen diesem Konzept schon seit den 1980er Jahren. Ihren Arbeitsphasen ist eine gro\u00dfe Europatournee angeschlossen. Bei Meisterkursen f\u00fcr Solo oder f\u00fcr Kammermusik gibt es das bisher nicht \u2013 <a href=\"https:\/\/www.colluvio.com\/de\/meisterkurse-tournee\/\"><strong><em>colluvio<\/em> f\u00fcllt die L\u00fccke\u2026<\/strong><\/a><\/p>\n<blockquote><p>\u201ecolluvio l\u00e4\u00dft einer intensiven Arbeitsphase\u00a0eine internationale Konzerttournee folgen.&#8220;<\/p><\/blockquote>\n<div id=\"attachment_4134\" style=\"width: 1034px\" class=\"wp-caption alignnone\"><img loading=\"lazy\" decoding=\"async\" aria-describedby=\"caption-attachment-4134\" class=\"size-large wp-image-4134\" src=\"https:\/\/www.colluvio.com\/wp-content\/uploads\/2024\/10\/IMG_2997-Schnitt-1024x770.jpg\" alt=\"Unsere Violindozentin Olivera Mili\u0107-Hirscher \u00fcber die Werkstatt:\" width=\"1024\" height=\"770\" srcset=\"https:\/\/www.colluvio.com\/wp-content\/uploads\/2024\/10\/IMG_2997-Schnitt-1024x770.jpg 1024w, https:\/\/www.colluvio.com\/wp-content\/uploads\/2024\/10\/IMG_2997-Schnitt-300x226.jpg 300w, https:\/\/www.colluvio.com\/wp-content\/uploads\/2024\/10\/IMG_2997-Schnitt-768x577.jpg 768w, https:\/\/www.colluvio.com\/wp-content\/uploads\/2024\/10\/IMG_2997-Schnitt-700x526.jpg 700w, https:\/\/www.colluvio.com\/wp-content\/uploads\/2024\/10\/IMG_2997-Schnitt-1100x827.jpg 1100w, https:\/\/www.colluvio.com\/wp-content\/uploads\/2024\/10\/IMG_2997-Schnitt.jpg 1200w\" sizes=\"auto, (max-width: 1024px) 100vw, 1024px\" \/><p id=\"caption-attachment-4134\" class=\"wp-caption-text\">Unsere Violindozentin Olivera Mili\u0107-Hirscher \u00fcber die Werkstatt:<\/p><\/div>\n<p><em>\u201eWir arbeiten mit musikalischem Tiefgang, stellen uns absolut in den Dienst der Musik. Wir wollen die jungen Musiker in ihrer Liebe zur Musik best\u00e4rken. Durch eine Serie von internen Hauskonzerten und die folgende Konzerttournee trainieren sie ihre B\u00fchnenpr\u00e4senz.\u201c<\/em><\/p>\n<h3>Die ausgew\u00e4hlten Musikerinnen und Musiker<\/h3>\n<p>Seit seiner Gr\u00fcndung im Jahr 2001 werden allj\u00e4hrlich die Arbeitsphasen und Konzerttourneen der <em>colluvio Chamber Music Academy <\/em>an den Musikausbildungsst\u00e4tten in ganz Europa ausgeschrieben.<\/p>\n<p>Unsere Musikerinnen und Musiker studieren an Institutionen wie der Royal Academy und dem Royal College of Music, London, dem Conservatoire National Sup\u00e9rieur de Paris, den Musikuniversit\u00e4ten Wien, Graz, Salzburg, dem Moskauer Tschaikowski Konservatorium, den Musikhochschulen von Berlin, Kiew, Warschau, Rom, Budapest, Zagreb, Belgrad \u2026..<br \/>\nEs bestehen Kooperationen mit Musikhochschulen und Konservatorien aus ganz Europa.<\/p>\n<p>Jahr f\u00fcr Jahr werden 9-12 Musikerinnen und Musiker durch <a href=\"https:\/\/www.colluvio.com\/de\/probespiele-bewerben\/\"><strong>Probespiele<\/strong><\/a> ausgew\u00e4hlt.<br \/>\nInstrumente: Klavier, Violine, Viola, Violoncello<\/p>\n<p>Nach dem Kennenlernen auf <a href=\"https:\/\/www.gut-hornegg.at\/\" target=\"_blank\" rel=\"noopener\"><strong>Gut Hornegg<\/strong><\/a>, \u00d6sterreich werden sie zu <strong>3 Ensembles<\/strong> zusammengef\u00fcgt und musizieren mit ihren neu gewonnenen Kollegen in den Besetzungen \u2013 <strong>Klaviertrio \/ Klavierquartett \/ Klavierquintett<\/strong>.<br \/>\nDurch die\u00a0<strong>\u201e<\/strong><em><strong>colluvio<\/strong><\/em><strong>\u00a0Methode\u201c<\/strong>\u00a0wachsen sie innerhalb von 10 Tagen zu drei harmonischen Kammermusikensembles zusammen. In diesen Tagen sammeln sie auf internen\u00a0<strong>Hauskonzerten<\/strong> Erfahrung und bereiten sich auf die Tournee vor.<\/p>\n<p><em>Zu unseren <strong><a href=\"https:\/\/www.colluvio.com\/de\/meisterkurse-tournee\/alumni\/\" rel=\"noopener\">Alumni<\/a><\/strong> (und auch Bewerbern) z\u00e4hlen herausragende Musiker ihrer jeweiligen Heimatl\u00e4nder, viele sind Laureaten oder hohe Preistr\u00e4ger von Internationalen Wettbewerben, auch von renommierten wie \u201eVan Cliburn International Piano Competition\u201c (Dmytro Choni), \u201eCarl Nielsen Violin International Competition\u201c (Hans Christian Aavik), \u201eInternationaler Musikwettbewerb der ARD\u201c f\u00fcr Cello (Krzysztof Michalski), \u201ePrimrose International Viola Competition\u201c (Kinga Wojdalska), \u201ePalma d\u2019Oro International Piano Competition\u201c (Elizaveta Ukrainskaia). Andere sind f\u00fcr das Verbier Festival oder die Gstaad Menuhin Academy ausgew\u00e4hlt; weitere sind Akademisten von Orchestern wie den Wiener Philharmonikern oder dem Gewandhausorchester Leipzig oder sind Mitglieder im Gustav Mahler Jugendorchester bzw. Jugendorchester der Europ\u00e4ischen Union.<br \/>\nViele ehemalige Teilnehmer aus all den Jahren seit 2001 sind in ihren Heimatl\u00e4ndern oder in der Ferne Mitglieder in Orchestern geworden, Konzertmeister oder Stimmf\u00fchrer, manche Professoren an Musikakademien, manche haben eine solistische Karriere.<\/em><\/p>\n<h6><span class=\"style-scope yt-formatted-string\" dir=\"auto\"><a href=\"https:\/\/www.youtube.com\/watch?v=gyBmT_wC0DA&amp;t=10s\" target=\"_blank\" rel=\"noopener\"><img loading=\"lazy\" decoding=\"async\" class=\"alignnone wp-image-3344 size-full\" src=\"https:\/\/www.colluvio.com\/wp-content\/uploads\/2022\/11\/vorschaubild-colluvio-youtube.webp\" alt=\"\" width=\"776\" height=\"591\" srcset=\"https:\/\/www.colluvio.com\/wp-content\/uploads\/2022\/11\/vorschaubild-colluvio-youtube.webp 776w, https:\/\/www.colluvio.com\/wp-content\/uploads\/2022\/11\/vorschaubild-colluvio-youtube-300x228.webp 300w, https:\/\/www.colluvio.com\/wp-content\/uploads\/2022\/11\/vorschaubild-colluvio-youtube-768x585.webp 768w, https:\/\/www.colluvio.com\/wp-content\/uploads\/2022\/11\/vorschaubild-colluvio-youtube-700x533.webp 700w\" sizes=\"auto, (max-width: 776px) 100vw, 776px\" \/><\/a><\/span><br \/>\nJohannes <strong>BRAHMS<\/strong><br \/>\nKlaviertrio op. 8, 2. Satz: Allegro molto \u2013 Meno allegro \u2013 Allegro molto<br \/>\nAbschlu\u00dfkonzert der 2017 Tournee, Belgrad<br \/>\n<strong>Elena Ovcharenko<\/strong> (21), <strong>David Horvat<\/strong> (19), <strong>Pavle Popovi\u0107<\/strong> (19)<br \/>\n<a href=\"https:\/\/www.colluvio.com\/de\/meisterkurse-tournee\/video-audio\/\"><strong>Hier<\/strong><\/a> findet man das <a href=\"https:\/\/www.colluvio.com\/de\/meisterkurse-tournee\/video-audio\/\" rel=\"noopener\"><strong>GANZE VIDEO<\/strong><\/a> mit allen S\u00e4tzen.<\/h6>\n<h3>Wie die <em>colluvio<\/em> Werkstatt funktioniert.<\/h3>\n<p><strong><em>colluvio<\/em><\/strong><strong> METHODE<br \/>\n11 Tage Meisterkurse \u2013 11 Tage Konzerttournee<\/strong><\/p>\n<p>Tage 1-8 <strong><br \/>\nGrundlegende Werkstatt <\/strong>mit dem <em>colluvio<\/em> Team:<br \/>\nAnna Ulaieva (Klavier), Olivera Mili\u0107-Hirscher (Violine) und Meinhard Holler (Violoncello)\u00a0 arbeiten abwechselnd mit allen 3 Ensembles.<\/p>\n<p>Tage 9-10<br \/>\n<strong>Offene Werkstatt<br \/>\n<\/strong>Abrundend arbeitet unser <strong>Gastdozent\u00a0<\/strong>Claus-Christian Schuster (Klavier) mit allen Ensembles.<\/p>\n<p>Tage 1-11<br \/>\n<strong>Training f\u00fcr die B\u00fchne<br \/>\n<\/strong>5 Hauskonzerte am 2., 4., 6., 8., 10. Tag, als Vorbereitung auf die Tournee. Tag 11 Generalprobe.<\/p>\n<p>Tage 12-22<br \/>\n<a href=\"https:\/\/www.colluvio.com\/de\/konzerte\/\">Internationale Konzerttournee<\/a><br \/>\n2026: Gut Hornegg (8.8.) \u2013 Ljubljana \u2013 Feldafing \u2013 Fulda \u2013 Wolkramshausen \u2013 Wien \u2013 Budapest \u2013 Belgrad (21.8.)<\/p>\n<div id=\"attachment_4804\" style=\"width: 1034px\" class=\"wp-caption alignnone\"><img loading=\"lazy\" decoding=\"async\" aria-describedby=\"caption-attachment-4804\" class=\"wp-image-4804 size-large\" src=\"https:\/\/www.colluvio.com\/wp-content\/uploads\/2026\/01\/20250804_135431-1024x662.jpg\" alt=\"\" width=\"1024\" height=\"662\" srcset=\"https:\/\/www.colluvio.com\/wp-content\/uploads\/2026\/01\/20250804_135431-1024x662.jpg 1024w, https:\/\/www.colluvio.com\/wp-content\/uploads\/2026\/01\/20250804_135431-300x194.jpg 300w, https:\/\/www.colluvio.com\/wp-content\/uploads\/2026\/01\/20250804_135431-768x497.jpg 768w, https:\/\/www.colluvio.com\/wp-content\/uploads\/2026\/01\/20250804_135431-400x260.jpg 400w, https:\/\/www.colluvio.com\/wp-content\/uploads\/2026\/01\/20250804_135431-700x453.jpg 700w, https:\/\/www.colluvio.com\/wp-content\/uploads\/2026\/01\/20250804_135431-1100x711.jpg 1100w, https:\/\/www.colluvio.com\/wp-content\/uploads\/2026\/01\/20250804_135431.jpg 1200w\" sizes=\"auto, (max-width: 1024px) 100vw, 1024px\" \/><p id=\"caption-attachment-4804\" class=\"wp-caption-text\">colluvio Team: Olivera Mili\u0107-Hirscher, Meinhard Holler, Anna Ulaieva<\/p><\/div>\n<div style=\"width: 1034px\" class=\"wp-caption alignnone\"><img loading=\"lazy\" decoding=\"async\" class=\"vc_single_image-img attachment-large\" src=\"https:\/\/www.colluvio.com\/wp-content\/uploads\/2021\/11\/IMG_5351-1024x683.jpg\" alt=\"\" width=\"1024\" height=\"683\" \/><p class=\"wp-caption-text\">Offene Werkstatt mit Claus-Christian Schuster<\/p><\/div>\n<h3>Exklusive Rahmenbedingungen<\/h3>\n<p>Es k\u00f6nnen nur 9-12 Musikerinnen und Musiker aufgenommen werden.<br \/>\nDenn eine intensive individuelle Widmung ist das\u00a0<strong>Credo<\/strong>\u00a0der\u00a0<em>colluvio Chamber Music Academy<\/em>:<br \/>\n4 Dozenten stehen f\u00fcr nur 3 Ensembles das ganze Projekt hindurch zur Verf\u00fcgung. Die sch\u00f6nsten Werke der Kammermusikliteratur k\u00f6nnen so mit dem n\u00f6tigen Tiefgang studiert werden.<\/p>\n<blockquote><p>\u201eWir wollen mit musikalischem Tiefgang arbeiten.\u201c<\/p><\/blockquote>\n<div id=\"attachment_4356\" style=\"width: 1034px\" class=\"wp-caption alignnone\"><img loading=\"lazy\" decoding=\"async\" aria-describedby=\"caption-attachment-4356\" class=\"size-large wp-image-4356\" src=\"https:\/\/www.colluvio.com\/wp-content\/uploads\/2024\/11\/IMG_5045-1024x679.jpg\" alt=\"\" width=\"1024\" height=\"679\" srcset=\"https:\/\/www.colluvio.com\/wp-content\/uploads\/2024\/11\/IMG_5045-1024x679.jpg 1024w, https:\/\/www.colluvio.com\/wp-content\/uploads\/2024\/11\/IMG_5045-300x199.jpg 300w, https:\/\/www.colluvio.com\/wp-content\/uploads\/2024\/11\/IMG_5045-768x509.jpg 768w, https:\/\/www.colluvio.com\/wp-content\/uploads\/2024\/11\/IMG_5045-700x464.jpg 700w, https:\/\/www.colluvio.com\/wp-content\/uploads\/2024\/11\/IMG_5045-1100x730.jpg 1100w, https:\/\/www.colluvio.com\/wp-content\/uploads\/2024\/11\/IMG_5045.jpg 1200w\" sizes=\"auto, (max-width: 1024px) 100vw, 1024px\" \/><p id=\"caption-attachment-4356\" class=\"wp-caption-text\">Yuri Kot mit Studenten, Ruslan Strogiy (Ru\u00dfland) und Israel Guti\u00e9rrez (Chile), August 2022; Probe f\u00fcr Dvo\u0159\u00e1ks Klavierquintett op. 81<\/p><\/div>\n<p><strong>Unsere Musikerinnen und Musiker sch\u00e4tzen, da\u00df sie bei colluvio ihr K\u00f6nnen gleich in die Praxis umsetzen d\u00fcrfen.<br \/>\n<\/strong>Vom ersten Probentag an ist der\u00a0<strong>Fokus auf die Konzerttournee<\/strong>\u00a0gerichtet; es wird stets mit Bezugnahme auf die B\u00fchne musiziert. Alle Teilnehmerinnen und Teilnehmer bringen ihre geprobten Werke in allen 8 Tourneekonzerten zur Auff\u00fchrung.<\/p>\n<blockquote><p>\u201eFokus auf die B\u00fchne!\u201c<\/p><\/blockquote>\n<p><img loading=\"lazy\" decoding=\"async\" class=\"vc_single_image-img attachment-large\" src=\"https:\/\/www.colluvio.com\/wp-content\/uploads\/2021\/12\/IMG_8560-1024x683.jpg\" alt=\"\" width=\"1024\" height=\"683\" \/><\/p>\n<p>Auf den\u00a0<a href=\"https:\/\/www.colluvio.com\/de\/meisterkurse-tournee\/\"><strong><em>colluvio<\/em> Meisterkursen<\/strong><\/a> (28. Juli \u2013 7. August 2026) studieren die jungen Musikerinnen und Musiker ein anspruchsvolles Programm ein und pr\u00e4sentieren alle studierten Werke Sommer f\u00fcr Sommer auf einer Konzerttournee durch Europa:<\/p>\n<h3>Programm 2026<\/h3>\n<p><a href=\"https:\/\/www.colluvio.com\/de\/konzerte\/\">Internationale Konzerttournee<\/a><br \/>\n2026: Gut Hornegg (8.8.) \u2013 Ljubljana \u2013 Feldafing \u2013 Fulda \u2013 Wolkramshausen \u2013 Wien \u2013 Budapest \u2013 Belgrad (21.8.)<\/p>\n<p>Die Kompositionen f\u00fcr die Sommertournee 2026 werden erst ausgesucht, wenn alle Teilnehmerinnen und Teilnehmer ab 15. M\u00e4rz 2026 feststehen. Denn das Programm wird auf die einzelnen Individuen abgestimmt und richtet sich nach deren F\u00e4higkeiten.<\/p>\n<h3><em>R\u00fcckblick auf 2025<\/em><\/h3>\n<p><strong>Josef Suk<\/strong> (1874-1935)<br \/>\nTrio in c-Moll, op. 2 f\u00fcr Klavier, Violine und Violoncello<br \/>\n<em>1. Allegro \u2013 2. Andante \u2013 3. Vivace<\/em><\/p>\n<p><strong>Bohuslav Martin\u016f<\/strong> (1890-1959)<br \/>\nTrio Nr. 1, H. 193 (1930) <em>\u201cCinq pi\u00e8ces br\u00e8ves\u201d<br \/>\n1. Allegro moderato \u2013 2. Adagio \u2013 3. Allegro \u2013 4. Allegro moderato \u2013 5. Allegro con brio<\/em><\/p>\n<p>Ernest Bloch (1880\u20131959)<br \/>\nQuartett Nr. 4 (1953) f\u00fcr zwei Violinen, Viola und Violoncello<br \/>\n<em>1. Tranquillo \u2013 Allegro energico 2. Andante 3. Presto \u2013 Moderato \u2013 Tempo I 4. Calmo \u2013 Allegro deciso \u2013 Calmo<\/em><\/p>\n<p><strong>Camille Saint-Sa\u00ebns<\/strong> (1835-1921)<br \/>\nTrio Nr. 2 in e-Moll, op. 92 f\u00fcr Klavier, Violine und Violoncello<br \/>\n<em>1. Allegro non troppo \u2013 2. Allegretto \u2013 3. Andante con moto \u2013 4. Grazioso poco allegro \u2013 5. <\/em><em>Allegro non troppo<\/em><\/p>\n<p><a href=\"https:\/\/www.youtube.com\/watch?v=GYTE0awQdKY\" target=\"_blank\" rel=\"noopener\"><img loading=\"lazy\" decoding=\"async\" class=\"alignnone wp-image-4295 size-large\" src=\"https:\/\/www.colluvio.com\/wp-content\/uploads\/2024\/11\/Faure-Trio-2024-III-1024x780.png\" alt=\"\" width=\"1024\" height=\"780\" srcset=\"https:\/\/www.colluvio.com\/wp-content\/uploads\/2024\/11\/Faure-Trio-2024-III-1024x780.png 1024w, https:\/\/www.colluvio.com\/wp-content\/uploads\/2024\/11\/Faure-Trio-2024-III-300x229.png 300w, https:\/\/www.colluvio.com\/wp-content\/uploads\/2024\/11\/Faure-Trio-2024-III-768x585.png 768w, https:\/\/www.colluvio.com\/wp-content\/uploads\/2024\/11\/Faure-Trio-2024-III-700x533.png 700w, https:\/\/www.colluvio.com\/wp-content\/uploads\/2024\/11\/Faure-Trio-2024-III-1100x838.png 1100w, https:\/\/www.colluvio.com\/wp-content\/uploads\/2024\/11\/Faure-Trio-2024-III.png 1163w\" sizes=\"auto, (max-width: 1024px) 100vw, 1024px\" \/><\/a><\/p>\n<h6>Gabriel <strong>FAUR\u00c9<\/strong>, Klaviertrio, op. 120, Allegro vivo (III.)<br \/>\nElizaveta Ukrainskaia (27) Klavier, Fr\u00e9d\u00e9ric Pouliot (23) Violine, Jasmin Blomenkamp (24) Cello spielen<br \/>\nAbschlu\u00dfkonzert der 2024 Tournee, Belgrad<br \/>\n<strong><a href=\"https:\/\/www.colluvio.com\/de\/meisterkurse-tournee\/video-audio\/\">Hier<\/a><\/strong> findet man das <a href=\"https:\/\/www.colluvio.com\/de\/meisterkurse-tournee\/video-audio\/\"><strong>GANZE<\/strong><\/a><strong> <a href=\"https:\/\/www.colluvio.com\/de\/meisterkurse-tournee\/video-audio\/\">VIDEO<\/a><\/strong> mit allen S\u00e4tzen.<\/h6>\n<h3>Musikerinnen und Musiker 2026<\/h3>\n<p><em>colluvio<\/em> 2026 ist derzeit ausgeschrieben. Nach ihren Probespielen werden die ausgew\u00e4hlten Musikerinnen und Musiker ab 15. April 2026 an dieser Stelle bekanntgegeben.<\/p>\n<p><em>Die f\u00fcr <strong>Sommer 2025<\/strong>\u00a0ausgew\u00e4hlten <strong>10 Musiker waren<\/strong>:<\/em><\/p>\n<p><strong>Joanne Bae<\/strong> (18), Cello, Gro\u00dfbritannien, Yehudi Menuhin School London (Klasse Una Cho)<br \/>\n<strong>Pauline Hoffmann<\/strong> (22), Violine, Deutschland, Hochschule f\u00fcr Musik \u201eFranz Liszt\u201c Weimar (Klasse Friedemann Eichhorn)<br \/>\n<strong>Aleksandra Pavlenko<\/strong> (27), Violine, Ru\u00dfland, \u010cajkovskij Konservatorium Moskau (Klasse Sergey Kravchenko)<br \/>\n<strong>Jack Kessler<\/strong> (23), Viola, USA, Yale School of Music (Klasse Ettore Causa)<br \/>\n<strong>Hannah Kim<\/strong> (23), Violine, Korea, Hochschule f\u00fcr Musik \u201eFranz Liszt\u201c Weimar (Klasse Friedemann Eichhorn)<br \/>\n<strong>Kamil Mukhametdinov<\/strong> (29), Cello, Ru\u00dfland, Haute \u00c9cole de Musique de Gen\u00e8ve (Klasse Oph\u00e9lie Gaillard)<br \/>\n<strong>Safiye Sahin<\/strong> (21), Klavier, Gro\u00dfbritannien\/Deutschland, Musikakademie Basel (Klasse Claudio M. Mehner)<br \/>\n<strong>Alice Lee<\/strong> (25), Violine, Kanada, New England Conservatory Boston (Klasse Donald Weilerstein),\u00a0Universit\u00e4t Mozarteum Salzburg (Klasse Maxim Vengerov)<br \/>\n<strong>Jae Min Kim Kang<\/strong> (23), Cello, Spanien, Royal Academy of Music (Klasse Josephine Knight)<br \/>\n<strong>Taisiia Lavrova<\/strong> (26), Piano, Russia, Hochschule f\u00fcr Musik Hannover (Klasse Markus Becker)<\/p>\n<p><strong><a href=\"https:\/\/www.colluvio.com\/wp-content\/uploads\/2026\/01\/colluvio-Chamber-Music-Academy-TOURNEE_KONZERTE-2025.pdf\" target=\"_blank\" rel=\"noopener\"><em>KONZERTPROGRAMM und MUSIKER 2025 Tournee<\/em><\/a><br \/>\n<\/strong><\/p>\n<h6><a href=\"https:\/\/www.youtube.com\/watch?v=aLf6U8mw5xQ&amp;amp;feature=youtu.be\" target=\"_blank\" rel=\"noopener\"><img loading=\"lazy\" decoding=\"async\" class=\"alignnone wp-image-3824 size-full\" src=\"https:\/\/www.colluvio.com\/wp-content\/uploads\/2023\/11\/Assia.png\" alt=\"\" width=\"969\" height=\"745\" srcset=\"https:\/\/www.colluvio.com\/wp-content\/uploads\/2023\/11\/Assia.png 969w, https:\/\/www.colluvio.com\/wp-content\/uploads\/2023\/11\/Assia-300x231.png 300w, https:\/\/www.colluvio.com\/wp-content\/uploads\/2023\/11\/Assia-768x590.png 768w, https:\/\/www.colluvio.com\/wp-content\/uploads\/2023\/11\/Assia-700x538.png 700w\" sizes=\"auto, (max-width: 969px) 100vw, 969px\" \/><\/a>Mieczys\u0142aw WEINBERG Klavierquintett op. 18, 5. Satz: Allegro agitato<br \/>\nAbschlu\u00dfkonzert der 2019 Tournee, Belgrad<br \/>\n<strong>Anastasiya Sharina<\/strong> (25), <strong>Assia Weissmann<\/strong> (22), <strong>Sofia Kolupov<\/strong> (22), <strong>Kinga Wojdalska<\/strong> (21) und <strong>Lucija Mu\u0161ac<\/strong> (19)<br \/>\n<a href=\"https:\/\/www.colluvio.com\/de\/meisterkurse-tournee\/video-audio\/\"><strong>Hier<\/strong><\/a> findet man das <a href=\"https:\/\/www.colluvio.com\/de\/meisterkurse-tournee\/video-audio\/\" rel=\"noopener\"><strong>GANZE VIDEO<\/strong><\/a> mit allen S\u00e4tzen.<\/h6>\n<h3>West mit Ost, Nord mit S\u00fcd<\/h3>\n<p>Die R\u00f6mer haben den lateinischen Begriff <em>colluvio<\/em>\u00a0(Zusammenfluss) auch auf \u201eV\u00f6lkergemisch\u201c \u00fcbertragen, bezogen wohl auf die noch nicht zur G\u00e4nze romanisierten Gegenden des Reiches.<br \/>\nWir meinen damit V\u00f6lkergemeinschaft, ein menschliches und musikalisches Miteinander von Nationen.<\/p>\n<p>Parallel zu seinem hohen musikalischen Anspruch und im Einklang damit, ist <em>colluvio<\/em> ein Projekt f\u00fcr V\u00f6lkerverst\u00e4ndigung, das zum <a href=\"https:\/\/www.colluvio.com\/de\/miteinander-in-europa\/\"><strong>Miteinander in Europa<\/strong><\/a>\u00a0einl\u00e4dt.<\/p>\n<p><em>Colluvio<\/em> ist unter dem Eindruck der tragischen Ereignisse der Jugoslawienkriege entstanden. Diese bewegende Geschichte wird im<strong>\u00a0ORF-Dokumentarfilm \u00fcber <em>colluvio <\/em><\/strong><a href=\"https:\/\/www.youtube.com\/watch?v=0HHs5qMTLS8\" target=\"_blank\" rel=\"noopener\">\u201eMusik nach dem Krieg, Kosovo zwischen Trauma und Neubeginn\u201c<\/a> eindrucksvoll erz\u00e4hlt.<\/p>\n<p><img loading=\"lazy\" decoding=\"async\" class=\"vc_single_image-img attachment-large\" src=\"https:\/\/www.colluvio.com\/wp-content\/uploads\/2021\/05\/Prizren-2010-e1621018159699-1024x608.jpg\" alt=\"\" width=\"1024\" height=\"608\" \/><\/p>\n<h6>Tournee 2010 \/ Prizren im Kosovo:<br \/>\nMan sieht die alte Br\u00fccke mit der Sinan-Pascha-Moschee, im Hintergrund das abgefackelte serbische Viertel mit der Kirche des hl. Erl\u00f6sers.<\/h6>\n<p>Seither hat sich viel getan,\u00a0<em>colluvio<\/em> ist gewachsen und hat sich weiterentwickelt. V\u00f6lkerverst\u00e4ndigung durch Musik ist zentrales Anliegen geblieben, auch wenn <em>colluvio<\/em> mittlerweile weit \u00fcber die Entstehungsregion hinaus an Bedeutung gewonnen hat und sich auf ganz Europa bezieht.<\/p>\n<h3>Wer kann sich bewerben?<\/h3>\n<p>Musikstudentinnen und -studenten aus ganz Europa und dar\u00fcber hinaus, die ein hohes musikalisches und technisches Ausbildungsniveau erreicht haben, ebenso besonders talentierte Musiksch\u00fcler ab 16 Jahren.<\/p>\n<p><strong>Instrumente:<\/strong>\u00a0Klavier, Violine, Viola, Violoncello<\/p>\n<p>In erster Linie begegnen bei <em>colluvio<\/em> einander Musikerinnen und Musiker, die bisher noch nicht miteinander musiziert haben.<br \/>\nSelbstverst\u00e4ndlich k\u00f6nnen sich auch schon bestehende Ensembles bewerben, z. B. ein Klaviertrio oder ein Streichquartett. Wird ein Ensemble aus Streichern aufgenommen, w\u00fcrden wir es dann mit einem unserer Pianistinnen und Pianisten musizieren lassen.<\/p>\n<p><a href=\"https:\/\/www.colluvio.com\/de\/probespiele-bewerben\/\"><strong>Probespiele<\/strong><\/a><br \/>\nInformation zum n\u00e4chsten Projekt, ca. 28.07.-21.08.2026:<\/p>\n<h3><strong><em>Einsendeschlu\u00df f\u00fcr Aufnahmen ist der 15. M\u00e4rz 2026!<\/em><\/strong><\/h3>\n<blockquote><p><img loading=\"lazy\" decoding=\"async\" class=\"alignnone size-large wp-image-4335\" src=\"https:\/\/www.colluvio.com\/wp-content\/uploads\/2024\/11\/026small_Akademija_komorne_glasbe_Colluvio_foto_Mankica_Kranjec-1024x684.jpg\" alt=\"\" width=\"1024\" height=\"684\" srcset=\"https:\/\/www.colluvio.com\/wp-content\/uploads\/2024\/11\/026small_Akademija_komorne_glasbe_Colluvio_foto_Mankica_Kranjec-1024x684.jpg 1024w, https:\/\/www.colluvio.com\/wp-content\/uploads\/2024\/11\/026small_Akademija_komorne_glasbe_Colluvio_foto_Mankica_Kranjec-300x200.jpg 300w, https:\/\/www.colluvio.com\/wp-content\/uploads\/2024\/11\/026small_Akademija_komorne_glasbe_Colluvio_foto_Mankica_Kranjec-768x513.jpg 768w, https:\/\/www.colluvio.com\/wp-content\/uploads\/2024\/11\/026small_Akademija_komorne_glasbe_Colluvio_foto_Mankica_Kranjec-1536x1025.jpg 1536w, https:\/\/www.colluvio.com\/wp-content\/uploads\/2024\/11\/026small_Akademija_komorne_glasbe_Colluvio_foto_Mankica_Kranjec-700x467.jpg 700w, https:\/\/www.colluvio.com\/wp-content\/uploads\/2024\/11\/026small_Akademija_komorne_glasbe_Colluvio_foto_Mankica_Kranjec-1100x734.jpg 1100w, https:\/\/www.colluvio.com\/wp-content\/uploads\/2024\/11\/026small_Akademija_komorne_glasbe_Colluvio_foto_Mankica_Kranjec.jpg 2000w\" sizes=\"auto, (max-width: 1024px) 100vw, 1024px\" \/>\u201eWir suchen Pers\u00f6nlichkeiten ab 16 Jahren mit einem ausgepr\u00e4gten Interesse am Zusammenspiel.&#8220;<\/p><\/blockquote>\n","protected":false},"excerpt":{"rendered":"<p>\u201ecolluvio ist mehr als ein Meisterkurs.\u201c Die europaweit agierende Werkstatt f\u00fcr Kammermusik colluvio l\u00e4\u00dft einer intensiven Arbeitsphase eine internationale Konzerttournee folgen. Die ber\u00fchmten europ\u00e4ischen Jugendorchester folgen diesem Konzept schon seit den 1980er Jahren. Ihren Arbeitsphasen ist eine gro\u00dfe Europatournee angeschlossen. Bei Meisterkursen f\u00fcr Solo oder&#8230;<\/p>\n","protected":false},"author":1,"featured_media":0,"parent":12,"menu_order":0,"comment_status":"closed","ping_status":"closed","template":"","meta":{"footnotes":""},"class_list":["post-3130","page","type-page","status-publish","hentry"],"acf":[],"_links":{"self":[{"href":"https:\/\/www.colluvio.com\/de\/wp-json\/wp\/v2\/pages\/3130","targetHints":{"allow":["GET"]}}],"collection":[{"href":"https:\/\/www.colluvio.com\/de\/wp-json\/wp\/v2\/pages"}],"about":[{"href":"https:\/\/www.colluvio.com\/de\/wp-json\/wp\/v2\/types\/page"}],"author":[{"embeddable":true,"href":"https:\/\/www.colluvio.com\/de\/wp-json\/wp\/v2\/users\/1"}],"replies":[{"embeddable":true,"href":"https:\/\/www.colluvio.com\/de\/wp-json\/wp\/v2\/comments?post=3130"}],"version-history":[{"count":169,"href":"https:\/\/www.colluvio.com\/de\/wp-json\/wp\/v2\/pages\/3130\/revisions"}],"predecessor-version":[{"id":4906,"href":"https:\/\/www.colluvio.com\/de\/wp-json\/wp\/v2\/pages\/3130\/revisions\/4906"}],"up":[{"embeddable":true,"href":"https:\/\/www.colluvio.com\/de\/wp-json\/wp\/v2\/pages\/12"}],"wp:attachment":[{"href":"https:\/\/www.colluvio.com\/de\/wp-json\/wp\/v2\/media?parent=3130"}],"curies":[{"name":"wp","href":"https:\/\/api.w.org\/{rel}","templated":true}]}}