{"id":2991,"date":"2022-04-29T11:21:52","date_gmt":"2022-04-29T09:21:52","guid":{"rendered":"https:\/\/www.colluvio.com\/?page_id=2991"},"modified":"2022-04-29T11:48:32","modified_gmt":"2022-04-29T09:48:32","slug":"kammermusik","status":"publish","type":"page","link":"https:\/\/www.colluvio.com\/de\/kammermusik\/","title":{"rendered":"Kammermusik"},"content":{"rendered":"<h2>Hier gibt es das Beste!<\/h2>\n<p>Lieber Wolfgang,<\/p>\n<p>im Zuge der \u00dcbersetzung von Meinhards Homepage hat er mich gebeten, nochmal dr\u00fcber zu schauen.<\/p>\n<p>Dabei ist mir aufgefallen, dass es im backend \u00fcberhaupt keine Templates f\u00fcr ihn gibt. Diese L\u00f6sung ist f\u00fcr die Bearbeitung extrem kompliziert und hat zur Folge, dass das Frontend von der Gestaltung her ziemlich unbefriedigend ist, weil er als Laie sich mit dem layoutieren nat\u00fcrlich schwer tut.<\/p>\n<div class=\"sideinfos\"><\/p>\n<blockquote><p>\u201eDie colluvio Chamber Music Academy ist mehr als ein Meisterkurs.\u201c<\/p><\/blockquote>\n<p><\/div>\n<div id=\"attachment_2780\" style=\"width: 1210px\" class=\"wp-caption alignnone\"><img loading=\"lazy\" decoding=\"async\" aria-describedby=\"caption-attachment-2780\" class=\"wp-image-2780 size-full\" src=\"https:\/\/www.colluvio.com\/wp-content\/uploads\/2021\/12\/colluvio2021_Probe_Meinhard.jpg\" alt=\"\" width=\"1200\" height=\"677\" srcset=\"https:\/\/www.colluvio.com\/wp-content\/uploads\/2021\/12\/colluvio2021_Probe_Meinhard.jpg 1200w, https:\/\/www.colluvio.com\/wp-content\/uploads\/2021\/12\/colluvio2021_Probe_Meinhard-300x169.jpg 300w, https:\/\/www.colluvio.com\/wp-content\/uploads\/2021\/12\/colluvio2021_Probe_Meinhard-1024x578.jpg 1024w, https:\/\/www.colluvio.com\/wp-content\/uploads\/2021\/12\/colluvio2021_Probe_Meinhard-768x433.jpg 768w, https:\/\/www.colluvio.com\/wp-content\/uploads\/2021\/12\/colluvio2021_Probe_Meinhard-700x395.jpg 700w, https:\/\/www.colluvio.com\/wp-content\/uploads\/2021\/12\/colluvio2021_Probe_Meinhard-1100x621.jpg 1100w\" sizes=\"auto, (max-width: 1200px) 100vw, 1200px\" \/><p id=\"caption-attachment-2780\" class=\"wp-caption-text\">Probe mit Meinhard<\/p><\/div>\n<p>Meine bisherigen Erfahrungen mit Webdesign sind, dass ein Webdesigner Templates baut, die der laienhafte User dann f\u00fcr alle m\u00f6glichen Zwecke bef\u00fcllen kann und trotzdem die Grafik im Frontend immer gleich geordnet erscheint.<\/p>\n<p>Bei meiner HP habe ich z.B. sechs verschiedene Templates (Standard, Geschichte, Rezept, Fischart, Produkt, Ferienwohnung), weil ich ja auch eine weit komplexere HP als die von Meinhard habe.<\/p>\n<p>Meine bisherigen Erfahrungen mit Webdesign sind, dass ein Webdesigner Templates baut, die der laienhafte User dann f\u00fcr alle m\u00f6glichen Zwecke bef\u00fcllen kann und trotzdem die Grafik im Frontend immer gleich geordnet erscheint.<\/p>\n<p>Bei meiner HP habe ich z.B. sechs verschiedene Templates (Standard, Geschichte, Rezept, Fischart, Produkt, Ferienwohnung), weil ich ja auch eine weit komplexere HP als die von Meinhard habe. Meine bisherigen Erfahrungen mit Webdesign sind, dass ein Webdesigner Templates baut, die der laienhafte User dann f\u00fcr alle m\u00f6glichen Zwecke bef\u00fcllen kann und trotzdem die Grafik im Frontend immer gleich geordnet erscheint. Gr\u00fcne Ente Gr\u00fcne ente<\/p>\n\n\t\t<style type=\"text\/css\">\n\t\t\t#gallery-1 {\n\t\t\t\tmargin: auto;\n\t\t\t}\n\t\t\t#gallery-1 .gallery-item {\n\t\t\t\tfloat: left;\n\t\t\t\tmargin-top: 10px;\n\t\t\t\ttext-align: center;\n\t\t\t\twidth: 33%;\n\t\t\t}\n\t\t\t#gallery-1 img {\n\t\t\t\tborder: 2px solid #cfcfcf;\n\t\t\t}\n\t\t\t#gallery-1 .gallery-caption {\n\t\t\t\tmargin-left: 0;\n\t\t\t}\n\t\t\t\/* see gallery_shortcode() in wp-includes\/media.php *\/\n\t\t<\/style>\n\t\t<div id='gallery-1' class='gallery galleryid-2991 gallery-columns-3 gallery-size-large'><dl class='gallery-item'>\n\t\t\t<dt class='gallery-icon landscape'>\n\t\t\t\t<a href='https:\/\/www.colluvio.com\/wp-content\/uploads\/2021\/12\/Jura_Probe.jpg'><img loading=\"lazy\" decoding=\"async\" width=\"1024\" height=\"683\" src=\"https:\/\/www.colluvio.com\/wp-content\/uploads\/2021\/12\/Jura_Probe-1024x683.jpg\" class=\"attachment-large size-large\" alt=\"\" aria-describedby=\"gallery-1-2850\" srcset=\"https:\/\/www.colluvio.com\/wp-content\/uploads\/2021\/12\/Jura_Probe-1024x683.jpg 1024w, https:\/\/www.colluvio.com\/wp-content\/uploads\/2021\/12\/Jura_Probe-300x200.jpg 300w, https:\/\/www.colluvio.com\/wp-content\/uploads\/2021\/12\/Jura_Probe-768x512.jpg 768w, https:\/\/www.colluvio.com\/wp-content\/uploads\/2021\/12\/Jura_Probe-700x467.jpg 700w, https:\/\/www.colluvio.com\/wp-content\/uploads\/2021\/12\/Jura_Probe-1100x733.jpg 1100w, https:\/\/www.colluvio.com\/wp-content\/uploads\/2021\/12\/Jura_Probe.jpg 1200w\" sizes=\"auto, (max-width: 1024px) 100vw, 1024px\" \/><\/a>\n\t\t\t<\/dt>\n\t\t\t\t<dd class='wp-caption-text gallery-caption' id='gallery-1-2850'>\n\t\t\t\tIn der Probe: Yuri Kot mit Studenten. Dvo\u0159\u00e1ks Klavierquintett op. 81\n\t\t\t\t<\/dd><\/dl><dl class='gallery-item'>\n\t\t\t<dt class='gallery-icon landscape'>\n\t\t\t\t<a href='https:\/\/www.colluvio.com\/wp-content\/uploads\/2021\/11\/CC_14.jpg'><img loading=\"lazy\" decoding=\"async\" width=\"1024\" height=\"683\" src=\"https:\/\/www.colluvio.com\/wp-content\/uploads\/2021\/11\/CC_14-1024x683.jpg\" class=\"attachment-large size-large\" alt=\"\" srcset=\"https:\/\/www.colluvio.com\/wp-content\/uploads\/2021\/11\/CC_14-1024x683.jpg 1024w, https:\/\/www.colluvio.com\/wp-content\/uploads\/2021\/11\/CC_14-300x200.jpg 300w, https:\/\/www.colluvio.com\/wp-content\/uploads\/2021\/11\/CC_14-768x512.jpg 768w, https:\/\/www.colluvio.com\/wp-content\/uploads\/2021\/11\/CC_14-700x467.jpg 700w, https:\/\/www.colluvio.com\/wp-content\/uploads\/2021\/11\/CC_14-1100x733.jpg 1100w, https:\/\/www.colluvio.com\/wp-content\/uploads\/2021\/11\/CC_14.jpg 1200w\" sizes=\"auto, (max-width: 1024px) 100vw, 1024px\" \/><\/a>\n\t\t\t<\/dt><\/dl><dl class='gallery-item'>\n\t\t\t<dt class='gallery-icon landscape'>\n\t\t\t\t<a href='https:\/\/www.colluvio.com\/wp-content\/uploads\/2021\/11\/IMG_7123.jpg'><img loading=\"lazy\" decoding=\"async\" width=\"1024\" height=\"683\" src=\"https:\/\/www.colluvio.com\/wp-content\/uploads\/2021\/11\/IMG_7123-1024x683.jpg\" class=\"attachment-large size-large\" alt=\"\" aria-describedby=\"gallery-1-2531\" srcset=\"https:\/\/www.colluvio.com\/wp-content\/uploads\/2021\/11\/IMG_7123-1024x683.jpg 1024w, https:\/\/www.colluvio.com\/wp-content\/uploads\/2021\/11\/IMG_7123-300x200.jpg 300w, https:\/\/www.colluvio.com\/wp-content\/uploads\/2021\/11\/IMG_7123-768x512.jpg 768w, https:\/\/www.colluvio.com\/wp-content\/uploads\/2021\/11\/IMG_7123-700x467.jpg 700w, https:\/\/www.colluvio.com\/wp-content\/uploads\/2021\/11\/IMG_7123-1100x733.jpg 1100w, https:\/\/www.colluvio.com\/wp-content\/uploads\/2021\/11\/IMG_7123.jpg 1200w\" sizes=\"auto, (max-width: 1024px) 100vw, 1024px\" \/><\/a>\n\t\t\t<\/dt>\n\t\t\t\t<dd class='wp-caption-text gallery-caption' id='gallery-1-2531'>\n\t\t\t\tJelena Horvat und Janick \u010cech, Konzert in Timi\u0219oara, Rum\u00e4nien, colluvio 2021\n\t\t\t\t<\/dd><\/dl><br style=\"clear: both\" \/>\n\t\t<\/div>\n\n<p>&nbsp;<\/p>\n<p>Bei meiner HP habe ich z.B. sechs verschiedene Templates (Standard, Geschichte, Rezept, Fischart, Produkt, Ferienwohnung), weil ich ja auch eine weit komplexere HP als die von Meinhard habe. Meine bisherigen Erfahrungen mit Webdesign sind, dass ein Webdesigner Templates baut, die der laienhafte User dann f\u00fcr alle m\u00f6glichen Zwecke bef\u00fcllen kann und trotzdem die Grafik im Frontend immer gleich geordnet erscheint.<\/p>\n<p>Bei meiner HP habe ich z.B. sechs verschiedene Templates (Standard, Geschichte, Rezept, Fischart, Produkt, Ferienwohnung), weil ich ja auch eine weit komplexere HP als die von Meinhard habe.<\/p>\n<h1>Kursbeginn ist sch\u00f6n<\/h1>\n<p>pt, Fischart, Produkt, Ferienwohnung), weil ich ja auch eine weit komplexere HP als die von Meinhard habe. Meine bisherigen Erfahrungen mit Webdesign sind, dass ein Webdesigner Templates baut, die der laienhafte User dann f\u00fcr alle m\u00f6glichen Zwecke bef\u00fcllen kann und trotzdem die Grafik im Frontend immer gleich geordnet erscheint.<\/p>\n<p>Bei meiner HP habe ich z.B. sechs verschiedene Templates (Standard, Geschichte, Rezept, Fischart, Produkt, Ferienwohnung)<\/p>\n<blockquote><p>er laienhafte User dann f\u00fcr alle m\u00f6glichen Zwecke<\/p><\/blockquote>\n<p>t, Fischart, Produkt, Ferienwohnung), weil ich ja auch eine weit komplexere HP als die von Meinhard habe. Meine bisherigen Erfahrungen mit Webdesign sind, dass ein Webdesigner Templates baut, die der laienhafte User dann f\u00fcr alle m\u00f6glichen Zwecke bef\u00fcllen kann und trotzdem die Grafik im Frontend immer gleich geordn<\/p>\n<p>&nbsp;<\/p>\n<h1>Mit bester Laune<\/h1>\n<p>Die Ferienwohnung ist ein Selbstversorgerappartement mit angenehmen, teils historischen M\u00f6beln und ge\u00f6lten Vollholzb\u00f6den sowie Steinb\u00f6den. Die kleine K\u00fcche mit bunten alten Fliesen am Boden ist der zentrale Raum. Daneben befindet sich ein gro\u00dfz\u00fcgiger und heller Wohnbereich mit einer ausziehbaren Couch, die auch als Zustellbett genutzt werden kann. Von hier aus kommt man auf die Galerie mit Kasten und Doppelbett. Besonders stimmungsvoll ist der Essplatz auf der Loggia mit Blick auf die dazugeh\u00f6rige Liegewiese die sich mitten in der Natur befindet und zum Entspannen einl\u00e4dt.<\/p>\n","protected":false},"excerpt":{"rendered":"<p>Hier gibt es das Beste! Lieber Wolfgang, im Zuge der \u00dcbersetzung von Meinhards Homepage hat er mich gebeten, nochmal dr\u00fcber zu schauen. Dabei ist mir aufgefallen, dass es im backend \u00fcberhaupt keine Templates f\u00fcr ihn gibt. Diese L\u00f6sung ist f\u00fcr die Bearbeitung extrem kompliziert und&#8230;<\/p>\n","protected":false},"author":2,"featured_media":0,"parent":0,"menu_order":0,"comment_status":"closed","ping_status":"closed","template":"","meta":{"footnotes":""},"class_list":["post-2991","page","type-page","status-publish","hentry"],"acf":[],"_links":{"self":[{"href":"https:\/\/www.colluvio.com\/de\/wp-json\/wp\/v2\/pages\/2991","targetHints":{"allow":["GET"]}}],"collection":[{"href":"https:\/\/www.colluvio.com\/de\/wp-json\/wp\/v2\/pages"}],"about":[{"href":"https:\/\/www.colluvio.com\/de\/wp-json\/wp\/v2\/types\/page"}],"author":[{"embeddable":true,"href":"https:\/\/www.colluvio.com\/de\/wp-json\/wp\/v2\/users\/2"}],"replies":[{"embeddable":true,"href":"https:\/\/www.colluvio.com\/de\/wp-json\/wp\/v2\/comments?post=2991"}],"version-history":[{"count":10,"href":"https:\/\/www.colluvio.com\/de\/wp-json\/wp\/v2\/pages\/2991\/revisions"}],"predecessor-version":[{"id":3006,"href":"https:\/\/www.colluvio.com\/de\/wp-json\/wp\/v2\/pages\/2991\/revisions\/3006"}],"wp:attachment":[{"href":"https:\/\/www.colluvio.com\/de\/wp-json\/wp\/v2\/media?parent=2991"}],"curies":[{"name":"wp","href":"https:\/\/api.w.org\/{rel}","templated":true}]}}